{"id":2270,"date":"2025-11-29T13:24:54","date_gmt":"2025-11-29T13:24:54","guid":{"rendered":"https:\/\/faillink.be\/?page_id=2270"},"modified":"2026-01-28T12:01:40","modified_gmt":"2026-01-28T12:01:40","slug":"cookies","status":"publish","type":"page","link":"https:\/\/faillink.be\/nl\/cookies\/","title":{"rendered":"Cookies"},"content":{"rendered":"<div data-elementor-type=\"wp-page\" data-elementor-id=\"2270\" class=\"elementor elementor-2270\" data-elementor-post-type=\"page\">\n\t\t\t\t<div class=\"elementor-element elementor-element-af5d3f8 e-flex e-con-boxed e-con e-parent\" data-id=\"af5d3f8\" data-element_type=\"container\" data-e-type=\"container\">\n\t\t\t\t\t<div class=\"e-con-inner\">\n\t\t\t\t<div class=\"elementor-element elementor-element-ece2994 elementor-widget elementor-widget-text-editor\" data-id=\"ece2994\" data-element_type=\"widget\" data-e-type=\"widget\" data-widget_type=\"text-editor.default\">\n\t\t\t\t\t\t\t\t\t<h1>Cookie beleid \u2013 Faillink<\/h1><p><strong>Laatst bijgewerkt :<\/strong> 04\/06\/2025<\/p><h2>1. Wat is een cookie ?<\/h2><p>Un cookie est un petit fichier texte enregistr\u00e9 sur votre appareil<br \/>(ordinateur, smartphone, tablette) lorsque vous visitez notre site<br \/><a href=\"https:\/\/faillink.be\/nl\/\">www.faillink.be<\/a>.<br \/>Il permet notamment de m\u00e9moriser vos pr\u00e9f\u00e9rences ou d\u2019analyser<br \/>l\u2019utilisation du site afin d\u2019am\u00e9liorer votre exp\u00e9rience.<\/p><h2>2. Soorten cookies gebruikt op Faillink<\/h2><p>Le site Faillink, marque exploit\u00e9e par Faillink , utilise diff\u00e9rents types de cookies :<\/p><ul><li><strong>Noodzakelijke Cookies<\/strong> : essentiels au bon fonctionnement du site<br \/>(s\u00e9curit\u00e9, acc\u00e8s aux pages, navigation).<\/li><li><strong>Functionele Cookies<\/strong> : hiermee kunt u om te onthouden uw keuzes en voorkeuren.<\/li><li><strong>Analytische Cookies<\/strong> : servent \u00e0 mesurer l\u2019audience et \u00e0 comprendre<br \/>l\u2019utilisation du site afin d\u2019am\u00e9liorer nos services.<\/li><li><strong>Cookies marketing (indien van toepassing)<\/strong> : utilis\u00e9s pour l\u2019affichage de publicit\u00e9s<br \/>personnalis\u00e9es ou pour mesurer leur efficacit\u00e9.<\/li><\/ul><h2>3. Toestemming<\/h2><p>Tijdens uw eerste bezoek <a href=\"https:\/\/faillink.be\/nl\/\">www.faillink.be<\/a>,<br \/>un bandeau cookies appara\u00eet vous permettant\u00a0:<\/p><ul><li>accepteer alle cookies<\/li><li>weigeren,<\/li><li>of aanpassen aan uw voorkeuren.<\/li><\/ul><p>Uw toestemming kan op elk moment worden gewijzigd.<\/p><h2>4. Het beheren van cookies<\/h2><p>U kunt beheren of uitschakelen van cookies :<\/p><ul><li>via onze banner management van cookies<\/li><li>of via de instellingen van uw browser (Chrome, Firefox, Safari, etc).<\/li><\/ul><h2>5. De duur van het behoud<\/h2><ul><li><strong>Sessie Cookies<\/strong> : automatisch verwijderd wanneer u uw browser sluit.<\/li><li><strong>Permanente Cookies<\/strong> : behouden voor een periode van maximaal 13 maanden.<\/li><\/ul><h2>6. Contact<\/h2><p>Voor vragen over het gebruik van cookies op Faillink, kunt u contact met ons opnemen :<br \/><a href=\"mailto:contact@faillink.be\">contact@faillink.be<\/a><\/p>\t\t\t\t\t\t\t\t<\/div>\n\t\t\t\t\t<\/div>\n\t\t\t\t<\/div>\n\t\t\t\t<\/div>","protected":false},"excerpt":{"rendered":"<p>Politique de Cookies \u2013 Faillink Derni\u00e8re mise \u00e0 jour : 04\/06\/2025 1. Qu\u2019est-ce qu\u2019un cookie\u00a0? Un cookie est un petit [&hellip;]<\/p>","protected":false},"author":7,"featured_media":0,"parent":0,"menu_order":0,"comment_status":"closed","ping_status":"closed","template":"","meta":{"site-sidebar-layout":"no-sidebar","site-content-layout":"","ast-site-content-layout":"full-width-container","site-content-style":"default","site-sidebar-style":"default","ast-global-header-display":"","ast-banner-title-visibility":"","ast-main-header-display":"","ast-hfb-above-header-display":"","ast-hfb-below-header-display":"","ast-hfb-mobile-header-display":"","site-post-title":"disabled","ast-breadcrumbs-content":"","ast-featured-img":"disabled","footer-sml-layout":"","ast-disable-related-posts":"","theme-transparent-header-meta":"default","adv-header-id-meta":"","stick-header-meta":"","header-above-stick-meta":"","header-main-stick-meta":"","header-below-stick-meta":"","astra-migrate-meta-layouts":"set","ast-page-background-enabled":"default","ast-page-background-meta":{"desktop":{"background-color":"var(--ast-global-color-5)","background-image":"","background-repeat":"repeat","background-position":"center center","background-size":"auto","background-attachment":"scroll","background-type":"","background-media":"","overlay-type":"","overlay-color":"","overlay-opacity":"","overlay-gradient":""},"tablet":{"background-color":"","background-image":"","background-repeat":"repeat","background-position":"center center","background-size":"auto","background-attachment":"scroll","background-type":"","background-media":"","overlay-type":"","overlay-color":"","overlay-opacity":"","overlay-gradient":""},"mobile":{"background-color":"","background-image":"","background-repeat":"repeat","background-position":"center center","background-size":"auto","background-attachment":"scroll","background-type":"","background-media":"","overlay-type":"","overlay-color":"","overlay-opacity":"","overlay-gradient":""}},"ast-content-background-meta":{"desktop":{"background-color":"var(--ast-global-color-4)","background-image":"","background-repeat":"repeat","background-position":"center center","background-size":"auto","background-attachment":"scroll","background-type":"","background-media":"","overlay-type":"","overlay-color":"","overlay-opacity":"","overlay-gradient":""},"tablet":{"background-color":"var(--ast-global-color-4)","background-image":"","background-repeat":"repeat","background-position":"center center","background-size":"auto","background-attachment":"scroll","background-type":"","background-media":"","overlay-type":"","overlay-color":"","overlay-opacity":"","overlay-gradient":""},"mobile":{"background-color":"var(--ast-global-color-4)","background-image":"","background-repeat":"repeat","background-position":"center center","background-size":"auto","background-attachment":"scroll","background-type":"","background-media":"","overlay-type":"","overlay-color":"","overlay-opacity":"","overlay-gradient":""}},"footnotes":""},"class_list":["post-2270","page","type-page","status-publish","hentry"],"_links":{"self":[{"href":"https:\/\/faillink.be\/nl\/wp-json\/wp\/v2\/pages\/2270","targetHints":{"allow":["GET"]}}],"collection":[{"href":"https:\/\/faillink.be\/nl\/wp-json\/wp\/v2\/pages"}],"about":[{"href":"https:\/\/faillink.be\/nl\/wp-json\/wp\/v2\/types\/page"}],"author":[{"embeddable":true,"href":"https:\/\/faillink.be\/nl\/wp-json\/wp\/v2\/users\/7"}],"replies":[{"embeddable":true,"href":"https:\/\/faillink.be\/nl\/wp-json\/wp\/v2\/comments?post=2270"}],"version-history":[{"count":7,"href":"https:\/\/faillink.be\/nl\/wp-json\/wp\/v2\/pages\/2270\/revisions"}],"predecessor-version":[{"id":2560,"href":"https:\/\/faillink.be\/nl\/wp-json\/wp\/v2\/pages\/2270\/revisions\/2560"}],"wp:attachment":[{"href":"https:\/\/faillink.be\/nl\/wp-json\/wp\/v2\/media?parent=2270"}],"curies":[{"name":"wp","href":"https:\/\/api.w.org\/{rel}","templated":true}]}}